{"id":1350,"date":"2020-12-17T11:27:13","date_gmt":"2020-12-17T10:27:13","guid":{"rendered":"https:\/\/www.sprachschule-aktiv-basel.ch\/kontakt\/"},"modified":"2021-05-11T10:58:42","modified_gmt":"2021-05-11T08:58:42","slug":"contactar","status":"publish","type":"page","link":"https:\/\/www.sprachschule-aktiv-basel.ch\/es\/contactar\/","title":{"rendered":"Contacta con nuetra escuela de idiomas en Basilea"},"content":{"rendered":"<p>[vc_row css=&#8221;.vc_custom_1489245782370{padding-top: 50px !important;padding-bottom: 30px !important;}&#8221;][vc_column][vc_column_text]<\/p>\n<h2>Sprachschule Aktiv en Basilea &#8211; Contaca con nosotros<\/h2>\n<p>Contacta con nuestra escuela de idiomas y aprende alem\u00e1n de forma r\u00e1pida y sencilla con profesores nativos y cualificados.<br \/>\n<strong>Sprachschule Aktiv<\/strong><br \/>\nCentralbahnplatz 8<br \/>\n4051 Basel<br \/>\nTel.: 061 228 77 32<br \/>\nE-Mail:\u00a0<a href=\"mailto:kontakt@sprachschule-aktiv.ch\">kontakt@sprachschule-aktiv.ch<\/a><br \/>\nWeb:\u00a0<a href=\"https:\/\/www.sprachschule-aktiv-basel.ch\">https:\/\/www.sprachschule-aktiv-basel.ch<\/a><\/p>\n<p>Por favor, cont\u00e1ctanos mediante el siguiente formulario:[\/vc_column_text][vc_row_inner][vc_column_inner]\n<div class=\"wpcf7 no-js\" id=\"wpcf7-f1356-o1\" lang=\"de-DE\" dir=\"ltr\" data-wpcf7-id=\"1356\">\n<div class=\"screen-reader-response\"><p role=\"status\" aria-live=\"polite\" aria-atomic=\"true\"><\/p> <ul><\/ul><\/div>\n<form action=\"\/es\/wp-json\/wp\/v2\/pages\/1350#wpcf7-f1356-o1\" method=\"post\" class=\"wpcf7-form init wpcf7-acceptance-as-validation\" aria-label=\"Kontaktformular\" novalidate=\"novalidate\" data-status=\"init\">\n<fieldset class=\"hidden-fields-container\"><input type=\"hidden\" name=\"_wpcf7\" value=\"1356\" \/><input type=\"hidden\" name=\"_wpcf7_version\" value=\"6.1.5\" \/><input type=\"hidden\" name=\"_wpcf7_locale\" value=\"de_DE\" \/><input type=\"hidden\" name=\"_wpcf7_unit_tag\" value=\"wpcf7-f1356-o1\" \/><input type=\"hidden\" name=\"_wpcf7_container_post\" value=\"0\" \/><input type=\"hidden\" name=\"_wpcf7_posted_data_hash\" value=\"\" \/><input type=\"hidden\" name=\"_wpcf7_recaptcha_response\" value=\"\" \/>\n<\/fieldset>\n<h2>Direcci\u00f3n:\n<\/h2>\n<p><label> Empresa<br \/>\n<span class=\"wpcf7-form-control-wrap\" data-name=\"firma\"><input size=\"40\" maxlength=\"400\" class=\"wpcf7-form-control wpcf7-text\" aria-invalid=\"false\" value=\"\" type=\"text\" name=\"firma\" \/><\/span> <\/label>\n<\/p>\n<p><label>Nombre*<br \/>\n<span class=\"wpcf7-form-control-wrap\" data-name=\"vorname\"><input size=\"40\" maxlength=\"400\" class=\"wpcf7-form-control wpcf7-text wpcf7-validates-as-required\" aria-required=\"true\" aria-invalid=\"false\" value=\"\" type=\"text\" name=\"vorname\" \/><\/span> <\/label>\n<\/p>\n<p><label> Apellidos*<br \/>\n<span class=\"wpcf7-form-control-wrap\" data-name=\"nachname\"><input size=\"40\" maxlength=\"400\" class=\"wpcf7-form-control wpcf7-text wpcf7-validates-as-required\" aria-required=\"true\" aria-invalid=\"false\" value=\"\" type=\"text\" name=\"nachname\" \/><\/span> <\/label>\n<\/p>\n<p><label> Tel\u00e9fono*<br \/>\n<span class=\"wpcf7-form-control-wrap\" data-name=\"telefon\"><input size=\"40\" maxlength=\"400\" class=\"wpcf7-form-control wpcf7-tel wpcf7-validates-as-required wpcf7-text wpcf7-validates-as-tel\" aria-required=\"true\" aria-invalid=\"false\" value=\"\" type=\"tel\" name=\"telefon\" \/><\/span><\/label>\n<\/p>\n<p><label> E-Mail*<br \/>\n<span class=\"wpcf7-form-control-wrap\" data-name=\"email\"><input size=\"40\" maxlength=\"400\" class=\"wpcf7-form-control wpcf7-email wpcf7-validates-as-required wpcf7-text wpcf7-validates-as-email\" aria-required=\"true\" aria-invalid=\"false\" value=\"\" type=\"email\" name=\"email\" \/><\/span><\/label>\n<\/p>\n<p><label> Pregunta\/Consulta<br \/>\n<span class=\"wpcf7-form-control-wrap\" data-name=\"IhreAnfrage\"><textarea cols=\"40\" rows=\"10\" maxlength=\"2000\" class=\"wpcf7-form-control wpcf7-textarea\" aria-invalid=\"false\" name=\"IhreAnfrage\"><\/textarea><\/span><\/label>\n<\/p>\n<div style=\"\">\n\t<p><span class=\"wpcf7-form-control-wrap\" data-name=\"agb\"><span class=\"wpcf7-form-control wpcf7-acceptance\"><span class=\"wpcf7-list-item\"><input type=\"checkbox\" name=\"agb\" value=\"1\" aria-invalid=\"false\" \/><\/span><\/span><\/span> (*) He le\u00eddo y acepto los <a href=\"https:\/\/www.sprachschule-aktiv-basel.ch\/allgemeine-geschaftsbedingungen\/\" target=\"_blank\">t\u00e9rminos legales<\/a>.\n\t<\/p>\n<\/div>\n<p><input class=\"wpcf7-form-control wpcf7-submit has-spinner\" type=\"submit\" value=\"Enviar\" \/>\n<\/p><div class=\"wpcf7-response-output\" aria-hidden=\"true\"><\/div>\n<\/form>\n<\/div>\n[\/vc_column_inner][\/vc_row_inner][\/vc_column][\/vc_row]<\/p>\n","protected":false},"excerpt":{"rendered":"<p>[vc_row css=&#8221;.vc_custom_1489245782370{padding-top: 50px !important;padding-bottom: 30px !important;}&#8221;][vc_column][vc_column_text] Sprachschule Aktiv en Basilea &#8211; Contaca con nosotros Contacta con nuestra escuela de idiomas y aprende alem\u00e1n de forma r\u00e1pida y sencilla con profesores nativos y cualificados. Sprachschule Aktiv Centralbahnplatz 8 4051 Basel Tel.: 061 228 77 32 E-Mail:\u00a0kontakt@sprachschule-aktiv.ch Web:\u00a0https:\/\/www.sprachschule-aktiv-basel.ch Por favor, cont\u00e1ctanos mediante el siguiente formulario:[\/vc_column_text][vc_row_inner][vc_column_inner][\/vc_column_inner][\/vc_row_inner][\/vc_column][\/vc_row]<\/p>\n","protected":false},"author":1,"featured_media":0,"parent":0,"menu_order":0,"comment_status":"closed","ping_status":"closed","template":"","meta":{"footnotes":""},"class_list":["post-1350","page","type-page","status-publish","hentry"],"yoast_head":"<!-- This site is optimized with the Yoast SEO plugin v27.1.1 - https:\/\/yoast.com\/product\/yoast-seo-wordpress\/ -->\n<title>Contacta con nuetra escuela de idiomas en Basilea y aprende alem\u00e1n<\/title>\n<meta name=\"description\" content=\"P\u00f3ngase en contacto con la escuela de idiomas Aktiv en Basilea - Aprende alem\u00e1n y otros idiomas de forma r\u00e1pida y sencilla en Basilea.\" \/>\n<meta name=\"robots\" content=\"index, follow, max-snippet:-1, max-image-preview:large, max-video-preview:-1\" \/>\n<link rel=\"canonical\" href=\"https:\/\/www.sprachschule-aktiv-basel.ch\/es\/contactar\/\" \/>\n<meta property=\"og:locale\" content=\"es_ES\" \/>\n<meta property=\"og:type\" content=\"article\" \/>\n<meta property=\"og:title\" content=\"Contacta con nuetra escuela de idiomas en Basilea y aprende alem\u00e1n\" \/>\n<meta property=\"og:description\" content=\"P\u00f3ngase en contacto con la escuela de idiomas Aktiv en Basilea - Aprende alem\u00e1n y otros idiomas de forma r\u00e1pida y sencilla en Basilea.\" \/>\n<meta property=\"og:url\" content=\"https:\/\/www.sprachschule-aktiv-basel.ch\/es\/contactar\/\" \/>\n<meta property=\"og:site_name\" content=\"Sprachschule Aktiv Basel\" \/>\n<meta property=\"article:modified_time\" content=\"2021-05-11T08:58:42+00:00\" \/>\n<meta name=\"twitter:card\" content=\"summary_large_image\" \/>\n<meta name=\"twitter:label1\" content=\"Tiempo de lectura\" \/>\n\t<meta name=\"twitter:data1\" content=\"1 minuto\" \/>\n<script type=\"application\/ld+json\" class=\"yoast-schema-graph\">{\"@context\":\"https:\/\/schema.org\",\"@graph\":[{\"@type\":\"WebPage\",\"@id\":\"https:\/\/www.sprachschule-aktiv-basel.ch\/es\/contactar\/\",\"url\":\"https:\/\/www.sprachschule-aktiv-basel.ch\/es\/contactar\/\",\"name\":\"Contacta con nuetra escuela de idiomas en Basilea y aprende alem\u00e1n\",\"isPartOf\":{\"@id\":\"https:\/\/www.sprachschule-aktiv-basel.ch\/#website\"},\"datePublished\":\"2020-12-17T10:27:13+00:00\",\"dateModified\":\"2021-05-11T08:58:42+00:00\",\"description\":\"P\u00f3ngase en contacto con la escuela de idiomas Aktiv en Basilea - Aprende alem\u00e1n y otros idiomas de forma r\u00e1pida y sencilla en Basilea.\",\"breadcrumb\":{\"@id\":\"https:\/\/www.sprachschule-aktiv-basel.ch\/es\/contactar\/#breadcrumb\"},\"inLanguage\":\"es\",\"potentialAction\":[{\"@type\":\"ReadAction\",\"target\":[\"https:\/\/www.sprachschule-aktiv-basel.ch\/es\/contactar\/\"]}]},{\"@type\":\"BreadcrumbList\",\"@id\":\"https:\/\/www.sprachschule-aktiv-basel.ch\/es\/contactar\/#breadcrumb\",\"itemListElement\":[{\"@type\":\"ListItem\",\"position\":1,\"name\":\"Startseite\",\"item\":\"https:\/\/www.sprachschule-aktiv-basel.ch\/es\/home\/\"},{\"@type\":\"ListItem\",\"position\":2,\"name\":\"Contacta con nuetra escuela de idiomas en Basilea\"}]},{\"@type\":\"WebSite\",\"@id\":\"https:\/\/www.sprachschule-aktiv-basel.ch\/#website\",\"url\":\"https:\/\/www.sprachschule-aktiv-basel.ch\/\",\"name\":\"Sprachschule Aktiv Basel\",\"description\":\"\",\"potentialAction\":[{\"@type\":\"SearchAction\",\"target\":{\"@type\":\"EntryPoint\",\"urlTemplate\":\"https:\/\/www.sprachschule-aktiv-basel.ch\/?s={search_term_string}\"},\"query-input\":{\"@type\":\"PropertyValueSpecification\",\"valueRequired\":true,\"valueName\":\"search_term_string\"}}],\"inLanguage\":\"es\"}]}<\/script>\n<!-- \/ Yoast SEO plugin. -->","yoast_head_json":{"title":"Contacta con nuetra escuela de idiomas en Basilea y aprende alem\u00e1n","description":"P\u00f3ngase en contacto con la escuela de idiomas Aktiv en Basilea - Aprende alem\u00e1n y otros idiomas de forma r\u00e1pida y sencilla en Basilea.","robots":{"index":"index","follow":"follow","max-snippet":"max-snippet:-1","max-image-preview":"max-image-preview:large","max-video-preview":"max-video-preview:-1"},"canonical":"https:\/\/www.sprachschule-aktiv-basel.ch\/es\/contactar\/","og_locale":"es_ES","og_type":"article","og_title":"Contacta con nuetra escuela de idiomas en Basilea y aprende alem\u00e1n","og_description":"P\u00f3ngase en contacto con la escuela de idiomas Aktiv en Basilea - Aprende alem\u00e1n y otros idiomas de forma r\u00e1pida y sencilla en Basilea.","og_url":"https:\/\/www.sprachschule-aktiv-basel.ch\/es\/contactar\/","og_site_name":"Sprachschule Aktiv Basel","article_modified_time":"2021-05-11T08:58:42+00:00","twitter_card":"summary_large_image","twitter_misc":{"Tiempo de lectura":"1 minuto"},"schema":{"@context":"https:\/\/schema.org","@graph":[{"@type":"WebPage","@id":"https:\/\/www.sprachschule-aktiv-basel.ch\/es\/contactar\/","url":"https:\/\/www.sprachschule-aktiv-basel.ch\/es\/contactar\/","name":"Contacta con nuetra escuela de idiomas en Basilea y aprende alem\u00e1n","isPartOf":{"@id":"https:\/\/www.sprachschule-aktiv-basel.ch\/#website"},"datePublished":"2020-12-17T10:27:13+00:00","dateModified":"2021-05-11T08:58:42+00:00","description":"P\u00f3ngase en contacto con la escuela de idiomas Aktiv en Basilea - Aprende alem\u00e1n y otros idiomas de forma r\u00e1pida y sencilla en Basilea.","breadcrumb":{"@id":"https:\/\/www.sprachschule-aktiv-basel.ch\/es\/contactar\/#breadcrumb"},"inLanguage":"es","potentialAction":[{"@type":"ReadAction","target":["https:\/\/www.sprachschule-aktiv-basel.ch\/es\/contactar\/"]}]},{"@type":"BreadcrumbList","@id":"https:\/\/www.sprachschule-aktiv-basel.ch\/es\/contactar\/#breadcrumb","itemListElement":[{"@type":"ListItem","position":1,"name":"Startseite","item":"https:\/\/www.sprachschule-aktiv-basel.ch\/es\/home\/"},{"@type":"ListItem","position":2,"name":"Contacta con nuetra escuela de idiomas en Basilea"}]},{"@type":"WebSite","@id":"https:\/\/www.sprachschule-aktiv-basel.ch\/#website","url":"https:\/\/www.sprachschule-aktiv-basel.ch\/","name":"Sprachschule Aktiv Basel","description":"","potentialAction":[{"@type":"SearchAction","target":{"@type":"EntryPoint","urlTemplate":"https:\/\/www.sprachschule-aktiv-basel.ch\/?s={search_term_string}"},"query-input":{"@type":"PropertyValueSpecification","valueRequired":true,"valueName":"search_term_string"}}],"inLanguage":"es"}]}},"_links":{"self":[{"href":"https:\/\/www.sprachschule-aktiv-basel.ch\/es\/wp-json\/wp\/v2\/pages\/1350","targetHints":{"allow":["GET"]}}],"collection":[{"href":"https:\/\/www.sprachschule-aktiv-basel.ch\/es\/wp-json\/wp\/v2\/pages"}],"about":[{"href":"https:\/\/www.sprachschule-aktiv-basel.ch\/es\/wp-json\/wp\/v2\/types\/page"}],"author":[{"embeddable":true,"href":"https:\/\/www.sprachschule-aktiv-basel.ch\/es\/wp-json\/wp\/v2\/users\/1"}],"replies":[{"embeddable":true,"href":"https:\/\/www.sprachschule-aktiv-basel.ch\/es\/wp-json\/wp\/v2\/comments?post=1350"}],"version-history":[{"count":5,"href":"https:\/\/www.sprachschule-aktiv-basel.ch\/es\/wp-json\/wp\/v2\/pages\/1350\/revisions"}],"predecessor-version":[{"id":1357,"href":"https:\/\/www.sprachschule-aktiv-basel.ch\/es\/wp-json\/wp\/v2\/pages\/1350\/revisions\/1357"}],"wp:attachment":[{"href":"https:\/\/www.sprachschule-aktiv-basel.ch\/es\/wp-json\/wp\/v2\/media?parent=1350"}],"curies":[{"name":"wp","href":"https:\/\/api.w.org\/{rel}","templated":true}]}}