{"id":435,"date":"2020-12-17T11:37:33","date_gmt":"2020-12-17T10:37:33","guid":{"rendered":"https:\/\/www.sprachschule-aktiv-basel.ch\/home\/"},"modified":"2024-05-13T06:34:17","modified_gmt":"2024-05-13T04:34:17","slug":"home","status":"publish","type":"page","link":"https:\/\/www.sprachschule-aktiv-basel.ch\/fr\/","title":{"rendered":"Home"},"content":{"rendered":"<p>[vc_row full_width=&#8221;stretch_row_content_no_spaces&#8221; css=&#8221;.vc_custom_1608205231407{background-image: url(https:\/\/www.sprachschule-aktiv-basel.ch\/wp-content\/uploads\/2020\/12\/sprachschule-aktiv-basel-slider.jpg?id=32) !important;}&#8221;][vc_column][vc_empty_space height=&#8221;80px&#8221;][vc_row_inner][vc_column_inner width=&#8221;1\/6&#8243;][\/vc_column_inner][vc_column_inner width=&#8221;1\/2&#8243; css=&#8221;.vc_custom_1608206474121{background-image: url(https:\/\/www.sprachschule-aktiv-basel.ch\/wp-content\/uploads\/2020\/12\/imagen-basel.png?id=34) !important;}&#8221;][vc_column_text css=&#8221;.vc_custom_1612336101302{margin-right: 50px !important;padding-top: 30px !important;padding-left: 30px !important;}&#8221;]<strong><span style=\"font-size: 40px; color: #000;\">BIENVENUE<\/span><\/strong><br \/>\n<span style=\"font-size: 40px; color: #000;\">\u00e0 l&#8217;\u00e9cole de langues Aktiv \u00e0 B\u00e2le <\/span><\/p>\n<p><span style=\"color: #000;\">Un apprentissage r\u00e9ussi des langues n\u00e9cessite une forte motivation et un bon partenaire. <\/span>[\/vc_column_text]\t<div class=\"vc_btn3-container vc_btn3-inline\">\n\t\t<a href=\"https:\/\/www.sprachschule-aktiv-basel.ch\/fr\/contactez-nous\/\" class=\"pgs_btn pgs_btn_style_1 pgs_btn_xl  vc_custom_1612336134580\">\n\t\t\t<span>\n\t\t\t\tContactez-nous\t\t\t<\/span>\n\t\t\t\t\t\t<i class=\"fas fa-angle-double-right\"><\/i>\n\t\t\t\t\t<\/a>\n\t<\/div>\n\t[\/vc_column_inner][vc_column_inner width=&#8221;1\/6&#8243; css=&#8221;.vc_custom_1608206003454{background-image: url(https:\/\/www.sprachschule-aktiv-basel.ch\/wp-content\/uploads\/2020\/12\/imagen-basel.png?id=33) !important;}&#8221;][\/vc_column_inner][vc_column_inner width=&#8221;1\/6&#8243;][\/vc_column_inner][\/vc_row_inner][vc_empty_space height=&#8221;80px&#8221;][\/vc_column][\/vc_row][vc_row css=&#8221;.vc_custom_1608206578745{margin-top: 20px !important;}&#8221;][vc_column][vc_column_text]<\/p>\n<h1>Apprendre l&#8217;allemand \u00e0 B\u00e2le &#8211; Cours d&#8217;allemand \u00e0 B\u00e2le &#8211; Sprachschule Aktiv<\/h1>\n<p>Vous vivez \u00e0 B\u00e2le et avez d\u00e9cid\u00e9 d&#8217;apprendre l&#8217;allemand? Alors Sprachschule Aktiv est le bon endroit ! Nous proposons different mod\u00e8les de cours de d\u00e9butant \u00e0 avanc\u00e9s. Nous avons \u00e9chelonn\u00e9 notre offre en fonction du cadre europ\u00e9en commun de r\u00e9f\u00e9rence pour les langues. Par cons\u00e9quent, des cours d\u2019allemand du niveau A1, A2, B1, B2, C1 et C2 sont disponibles ici \u00e0 B\u00e2le. De plus, vous pourrez b\u00e9n\u00e9ficier d\u2019un grand nombre d\u2019avantages dans notre institut de langues, tels que des professeurs de langue maternelle allemande et un cours d&#8217;essai gratuit. Nous avons rassembl\u00e9 tous les d\u00e9tails et informations utiles pour vous ci-dessous. Si vous avez encore des questions sur nos cours d&#8217;allemand, n&#8217;h\u00e9sitez pas \u00e0 nous contacte[\/vc_column_text]\t<div class=\"vc_btn3-container vc_btn3-inline\">\n\t\t<a href=\"https:\/\/www.sprachschule-aktiv-basel.ch\/fr\/contactez-nous\/\" class=\"pgs_btn pgs_btn_style_1 pgs_btn_xl\">\n\t\t\t<span>\n\t\t\t\tContactez-nous\t\t\t<\/span>\n\t\t\t\t\t\t<i class=\"fas fa-angle-double-right\"><\/i>\n\t\t\t\t\t<\/a>\n\t<\/div>\n\t[\/vc_column][\/vc_row][vc_row full_width=&#8221;stretch_row&#8221; css=&#8221;.vc_custom_1611989499709{padding-top: 25px !important;padding-bottom: 25px !important;background-color: #f9f9f9 !important;}&#8221;][vc_column][vc_column_text css=&#8221;.vc_custom_1612336292011{margin-top: 40px !important;}&#8221;]<\/p>\n<h2>Quels cours d\u2019allemand r\u00e9server \u00e0 Bale ?<\/h2>\n<p>D\u2019abord, nous proposons un classique, \u00e0 savoir les cours intensifs d\u2019allemand. Vous apprendrez en semaine de 9h \u00e0 12h et pourrez d\u00e9velopper votre allemand plus rapidement. Sinon, nous avons des cours du soir. Ici, vous apprendrez l\u2019allemand une fois par semaine et aurez en m\u00eame temps la possibilit\u00e9 de pratiquer d\u2019autres activit\u00e9s dans la journ\u00e9e. Notre sp\u00e9cialit\u00e9 sont les cours pour entreprises et les cours priv\u00e9s. Pour ces derniers, un professeur d\u2019allemand se fera un plaisir de venir chez vous ou dans l\u2019entreprise concern\u00e9e, la\u00a0\u00a0 programmation des heures de cours d\u00e9pend enti\u00e8rement de vos souhaits.<\/p>\n<h2>Tests de placement gratuits pour connaitre votre niveau de langue en allemand<\/h2>\n<p>Vous avez d\u00e9j\u00e0 suivi un cours d\u2019allemand et un certain temps s\u2019est \u00e9coul\u00e9 depuis ? Dans cette situation, il n\u2019est pas facile de connaitre son niveau pour r\u00e9server ses cours d\u2019allemand. Mais nous pouvons vous aider avec ce probl\u00e8me, vous pouvez faire un test de placement gratuitement sur notre site Web ! Et si vous aimeriez une consultation personnelle concernant votre maitrise de l\u2019allemand, nous serions ravis de vous accueillir \u00e0 l\u2019\u00e9cole de langue Sprachschule Aktiv \u00e0 B\u00e2le. Nous ferons ensemble un test de placement et vous nous conseillerons sans engagement et bien s\u00fbr gratuitement.[\/vc_column_text][\/vc_column][\/vc_row][vc_row full_width=&#8221;stretch_row&#8221; css=&#8221;.vc_custom_1612337056640{background-color: #ffffff !important;}&#8221;][vc_column][vc_column_text]<\/p>\n<h2>Cours intensifs en allemand \u00e0 B\u00e2le pour d\u00e9butants et avanc\u00e9s<\/h2>\n<p>[\/vc_column_text][vc_column_text]Quel que soit votre niveau de langue actuel, vous trouverez tout les niveaux d\u2019A1 \u00e0 C2 chez nous. Vous ne savez pas quel niveau vous convient ? Nous serons ravis de vous aider avec nos tests de placement gratuits. Utilisez notre site Web et faites nous part du r\u00e9sultat ! Notre \u00e9quipe vous conseillera en d\u00e9tail en fonction du r\u00e9sultat du test et vous indiquera quel niveau vous convient le mieux.[\/vc_column_text]\t<div class=\"vc_btn3-container vc_btn3-inline\">\n\t\t<a href=\"https:\/\/www.sprachschule-aktiv-basel.ch\/fr\/contactez-nous\/\" class=\"pgs_btn pgs_btn_style_1 pgs_btn_xl\">\n\t\t\t<span>\n\t\t\t\tContactez-nous\t\t\t<\/span>\n\t\t\t\t\t\t<i class=\"fas fa-angle-double-right\"><\/i>\n\t\t\t\t\t<\/a>\n\t<\/div>\n\t[vc_row_inner][vc_column_inner width=&#8221;1\/2&#8243;][vc_column_text]<\/p>\n<h2>Prix et dates des cours d\u2019allemand intensifs \u00e0 B\u00e2le<\/h2>\n<p><strong>D\u00e9but des cours:<\/strong> le premier lundi du mois<\/p>\n<p><strong>Dates:<\/strong> du lundi au vendredi de 9h00 \u00e0 12h00<\/p>\n<p><strong>Prix:<\/strong><\/p>\n<ul>\n<li>1 semaine: 395 CHF<\/li>\n<li>2 semaines: 580 CHF<\/li>\n<li>3 semaines: 675 CHF<\/li>\n<li>4 semaines: 790 CHF<\/li>\n<\/ul>\n<p>[\/vc_column_text][\/vc_column_inner][vc_column_inner width=&#8221;1\/2&#8243;][vc_single_image image=&#8221;439&#8243; img_size=&#8221;full&#8221; alignment=&#8221;center&#8221;][\/vc_column_inner][\/vc_row_inner][\/vc_column][\/vc_row][vc_row full_width=&#8221;stretch_row&#8221; css=&#8221;.vc_custom_1612337085231{background-color: #f8f8f8 !important;}&#8221;][vc_column][vc_column_text]<\/p>\n<h2>Qu\u2019est ce qui distingue nos professeurs d\u2019allemand ?<\/h2>\n<p>Nos professeurs d\u2019allemand sont bien entendu des locuteurs natifs. Qui ont suivi une solide formation universitaire et enseignent l\u2019allemand comme langue \u00e9trang\u00e8re depuis des ann\u00e9es. Comme nous somme loin d\u2019\u00eatre satisfaits par cette expertise, nous v\u00e9rifions \u00e9galement leur mani\u00e8re d\u2019enseigner, leur motivation, et la fa\u00e7on dont ils organisent leurs cours. Nous attendons le meilleurs de nos employ\u00e9s dans tout les domaines, afin que vous, clients, puissent b\u00e9n\u00e9ficier du meilleur accompagnement possible dans votre apprentissage de la langue.<\/p>\n<h2>Les extras des cours d\u2019allemand \u00e0 B\u00e2le &#8211; Visa, logement et pr\u00e9paration aux<br \/>\nexamens<\/h2>\n<p>[\/vc_column_text][vc_row_inner][vc_column_inner width=&#8221;1\/2&#8243;][vc_column_text]Pour la plupart des personnes qui viennent de l\u2019\u00e9tranger, il ne suffit pas de reserver un cour d\u2019allemand. Beaucoup personnes int\u00e9ress\u00e9es ont besoin d\u2019une confirmation d\u2019inscription pour un visa, un logement ou souhaitent une pr\u00e9paration \u00e0 un examen en particulier tel que le test DAF ou le telc. Bien entendu, nous sommes \u00e9galement \u00e0 vos c\u00f4t\u00e9s pour vous conseiller et vous accompagner dans votre parcours. Si vous \u00eates, par exemple, m\u00e9decin ou si vous souhaitez acqu\u00e9rir une licence ou une reconnaissance professionnelle en tant que personnel m\u00e9dical. Vous avez sans doute besoin de l&#8217;examen de langue technique en tant que m\u00e9decin ou de l&#8217;examen B2 pour les infirmi\u00e8res et infirmiers. Vous pouvez alors recevoir de notre part des cours pr\u00e9paratoires pour r\u00e9pondre \u00e0 ces exigences.[\/vc_column_text][\/vc_column_inner][vc_column_inner width=&#8221;1\/2&#8243;][vc_column_text]<iframe src=\"https:\/\/www.youtube.com\/embed\/54-5aCU96MM\" width=\"560\" height=\"315\" frameborder=\"0\" allowfullscreen=\"allowfullscreen\"><\/iframe>[\/vc_column_text][\/vc_column_inner][\/vc_row_inner][\/vc_column][\/vc_row][vc_row][vc_column][vc_column_text]<\/p>\n<h2>A quoi ressemblent les cours d\u2019allemand \u00e0 Sprachschule Aktiv ? &#8211; Petits groupes !<\/h2>\n<p>Nous avons mis au point un concept particulier pour nos clients. Nous gardons les groupes petits &#8211; et ce quel que soit le mod\u00e8le de cours. Un maximum de 8 participants apprennent l&#8217;allemand dans un groupe d&#8217;enseignement. Chaque participant peut ainsi b\u00e9n\u00e9ficier intensivement d&#8217;un enseignement structur\u00e9 et clair. L&#8217;\u00e9change interactif, lors des prises de parole, a \u00e9galement suffisamment d&#8217;espace pour pouvoir pratiquer intensivement les structures nouvellement apprises.<\/p>\n<h2>Autres avantages des cours d\u2019allemand \u00e0 B\u00e2le &#8211; cours d\u2019essai, garantie de remboursement, etc<\/h2>\n<ul>\n<li>Vous obtenez une le\u00e7on d&#8217;essai gratuite afin que vous puissiez exp\u00e9rimenter une le\u00e7on avant de d\u00e9cider de r\u00e9server.<\/li>\n<li>Il existe \u00e9galement une garantie de remboursement qui vous donne la possibilit\u00e9 d&#8217;annuler la le\u00e7on sans aucun probl\u00e8me, m\u00eame apr\u00e8s le d\u00e9but du cours.<\/li>\n<li>L&#8217;emplacement central de l&#8217;institut garantit que vous pouvez y acc\u00e9der facilement.<\/li>\n<li>Vous recevrez un certificat officiel de participation qui valide chaque niveau de langue.<\/li>\n<li>Nos salles de cours sont \u00e9quip\u00e9es de mat\u00e9riel moderne ce qui facilite l&#8217;apprentissage et offre une atmosph\u00e8re d&#8217;apprentissage positive et motivante.<\/li>\n<\/ul>\n<p>[\/vc_column_text][\/vc_column][\/vc_row][vc_row full_width=&#8221;stretch_row&#8221; css=&#8221;.vc_custom_1608206773140{background-color: #f8f8f8 !important;}&#8221;][vc_column][vc_column_text]<\/p>\n<h2>Quand commen\u00e7ent les cours d\u2019allemand \u00e0 B\u00e2le ?<\/h2>\n<p>Nos cours d&#8217;allemand commencent g\u00e9n\u00e9ralement le premier lundi du mois. En tant que d\u00e9butant en A1, nous vous recommandons de respecter ce premier rendez-vous. Cependant, il n&#8217;y a aucun probl\u00e8me pour les participants de niveau A2 ou sup\u00e9rieur \u00e0 rejoindre un cours qui a d\u00e9j\u00e0 d\u00e9but\u00e9. Si vous ne pouvez pas \u00eatre mpr\u00e9sent aux dates de d\u00e9but sp\u00e9cifi\u00e9es, contactez simplement notre bureau. Nous trouverons une solution pour vous !<\/p>\n<p><iframe style=\"border: 0;\" tabindex=\"0\" src=\"https:\/\/www.google.com\/maps\/embed?pb=!1m18!1m12!1m3!1d2693.005146098067!2d7.587312615628467!3d47.548228579180844!2m3!1f0!2f0!3f0!3m2!1i1024!2i768!4f13.1!3m3!1m2!1s0x4791b956e61707ef%3A0x420980e1fcd33bc7!2sSprachschule%20Aktiv!5e0!3m2!1sde!2sde!4v1610993019577!5m2!1sde!2sde\" width=\"100%\" height=\"300\" frameborder=\"0\" allowfullscreen=\"allowfullscreen\" aria-hidden=\"false\"><\/iframe><br \/>\nCentralbahnplatz 8<br \/>\n4051 Basel<br \/>\nTel.: 043 540 09 53<br \/>\nE-Mail:\u00a0<a href=\"mailto:kontakt@sprachschule-aktiv.ch\">kontakt@sprachschule-aktiv.ch<\/a>[\/vc_column_text][\/vc_column][\/vc_row]<\/p>\n","protected":false},"excerpt":{"rendered":"<p>[vc_row full_width=&#8221;stretch_row_content_no_spaces&#8221; css=&#8221;.vc_custom_1608205231407{background-image: url(https:\/\/www.sprachschule-aktiv-basel.ch\/wp-content\/uploads\/2020\/12\/sprachschule-aktiv-basel-slider.jpg?id=32) !important;}&#8221;][vc_column][vc_empty_space height=&#8221;80px&#8221;][vc_row_inner][vc_column_inner width=&#8221;1\/6&#8243;][\/vc_column_inner][vc_column_inner width=&#8221;1\/2&#8243; css=&#8221;.vc_custom_1608206474121{background-image: url(https:\/\/www.sprachschule-aktiv-basel.ch\/wp-content\/uploads\/2020\/12\/imagen-basel.png?id=34) !important;}&#8221;][vc_column_text css=&#8221;.vc_custom_1612336101302{margin-right: 50px !important;padding-top: 30px !important;padding-left: 30px !important;}&#8221;]BIENVENUE \u00e0 l&#8217;\u00e9cole de langues Aktiv \u00e0 B\u00e2le Un apprentissage r\u00e9ussi des langues n\u00e9cessite une forte motivation et un bon partenaire. [\/vc_column_text][\/vc_column_inner][vc_column_inner width=&#8221;1\/6&#8243; css=&#8221;.vc_custom_1608206003454{background-image: url(https:\/\/www.sprachschule-aktiv-basel.ch\/wp-content\/uploads\/2020\/12\/imagen-basel.png?id=33) !important;}&#8221;][\/vc_column_inner][vc_column_inner width=&#8221;1\/6&#8243;][\/vc_column_inner][\/vc_row_inner][vc_empty_space height=&#8221;80px&#8221;][\/vc_column][\/vc_row][vc_row css=&#8221;.vc_custom_1608206578745{margin-top: 20px !important;}&#8221;][vc_column][vc_column_text] Apprendre l&#8217;allemand \u00e0 B\u00e2le &#8211; Cours d&#8217;allemand&hellip; <a class=\"read-more\" href=\"https:\/\/www.sprachschule-aktiv-basel.ch\/fr\/\" title=\"Read Home\">Read more &raquo;<\/a><\/p>\n","protected":false},"author":1,"featured_media":0,"parent":0,"menu_order":0,"comment_status":"closed","ping_status":"closed","template":"","meta":{"footnotes":""},"class_list":["post-435","page","type-page","status-publish","hentry"],"yoast_head":"<!-- This site is optimized with the Yoast SEO plugin v27.1.1 - https:\/\/yoast.com\/product\/yoast-seo-wordpress\/ -->\n<title>Apprendre l&#039;allemand \u00e0 B\u00e2le - Cours d&#039;allemand \u00e0 B\u00e2le<\/title>\n<meta name=\"description\" content=\"Apprenez l&#039;allemand \u00e0 B\u00e2le en cours du soir, priv\u00e9s et du soir. Cours d&#039;allemand \u00e0 B\u00e2le A1, A2, B1, B2, C1, C2.\" \/>\n<meta name=\"robots\" content=\"index, follow, max-snippet:-1, max-image-preview:large, max-video-preview:-1\" \/>\n<link rel=\"canonical\" href=\"https:\/\/www.sprachschule-aktiv-basel.ch\/fr\/\" \/>\n<meta property=\"og:locale\" content=\"fr_FR\" \/>\n<meta property=\"og:type\" content=\"article\" \/>\n<meta property=\"og:title\" content=\"Apprendre l&#039;allemand \u00e0 B\u00e2le - Cours d&#039;allemand \u00e0 B\u00e2le\" \/>\n<meta property=\"og:description\" content=\"Apprenez l&#039;allemand \u00e0 B\u00e2le en cours du soir, priv\u00e9s et du soir. Cours d&#039;allemand \u00e0 B\u00e2le A1, A2, B1, B2, C1, C2.\" \/>\n<meta property=\"og:url\" content=\"https:\/\/www.sprachschule-aktiv-basel.ch\/fr\/\" \/>\n<meta property=\"og:site_name\" content=\"Sprachschule Aktiv Basel\" \/>\n<meta property=\"article:modified_time\" content=\"2024-05-13T04:34:17+00:00\" \/>\n<meta name=\"twitter:card\" content=\"summary_large_image\" \/>\n<meta name=\"twitter:label1\" content=\"Dur\u00e9e de lecture estim\u00e9e\" \/>\n\t<meta name=\"twitter:data1\" content=\"5 minutes\" \/>\n<script type=\"application\/ld+json\" class=\"yoast-schema-graph\">{\"@context\":\"https:\/\/schema.org\",\"@graph\":[{\"@type\":\"WebPage\",\"@id\":\"https:\/\/www.sprachschule-aktiv-basel.ch\/fr\/home\/\",\"url\":\"https:\/\/www.sprachschule-aktiv-basel.ch\/fr\/\",\"name\":\"Apprendre l'allemand \u00e0 B\u00e2le - Cours d'allemand \u00e0 B\u00e2le\",\"isPartOf\":{\"@id\":\"https:\/\/www.sprachschule-aktiv-basel.ch\/#website\"},\"datePublished\":\"2020-12-17T10:37:33+00:00\",\"dateModified\":\"2024-05-13T04:34:17+00:00\",\"description\":\"Apprenez l'allemand \u00e0 B\u00e2le en cours du soir, priv\u00e9s et du soir. Cours d'allemand \u00e0 B\u00e2le A1, A2, B1, B2, C1, C2.\",\"breadcrumb\":{\"@id\":\"https:\/\/www.sprachschule-aktiv-basel.ch\/fr\/#breadcrumb\"},\"inLanguage\":\"fr-FR\",\"potentialAction\":[{\"@type\":\"ReadAction\",\"target\":[\"https:\/\/www.sprachschule-aktiv-basel.ch\/fr\/\"]}]},{\"@type\":\"BreadcrumbList\",\"@id\":\"https:\/\/www.sprachschule-aktiv-basel.ch\/fr\/#breadcrumb\",\"itemListElement\":[{\"@type\":\"ListItem\",\"position\":1,\"name\":\"Startseite\",\"item\":\"https:\/\/www.sprachschule-aktiv-basel.ch\/fr\/home\/\"},{\"@type\":\"ListItem\",\"position\":2,\"name\":\"Home\"}]},{\"@type\":\"WebSite\",\"@id\":\"https:\/\/www.sprachschule-aktiv-basel.ch\/#website\",\"url\":\"https:\/\/www.sprachschule-aktiv-basel.ch\/\",\"name\":\"Sprachschule Aktiv Basel\",\"description\":\"\",\"potentialAction\":[{\"@type\":\"SearchAction\",\"target\":{\"@type\":\"EntryPoint\",\"urlTemplate\":\"https:\/\/www.sprachschule-aktiv-basel.ch\/?s={search_term_string}\"},\"query-input\":{\"@type\":\"PropertyValueSpecification\",\"valueRequired\":true,\"valueName\":\"search_term_string\"}}],\"inLanguage\":\"fr-FR\"}]}<\/script>\n<!-- \/ Yoast SEO plugin. -->","yoast_head_json":{"title":"Apprendre l'allemand \u00e0 B\u00e2le - Cours d'allemand \u00e0 B\u00e2le","description":"Apprenez l'allemand \u00e0 B\u00e2le en cours du soir, priv\u00e9s et du soir. Cours d'allemand \u00e0 B\u00e2le A1, A2, B1, B2, C1, C2.","robots":{"index":"index","follow":"follow","max-snippet":"max-snippet:-1","max-image-preview":"max-image-preview:large","max-video-preview":"max-video-preview:-1"},"canonical":"https:\/\/www.sprachschule-aktiv-basel.ch\/fr\/","og_locale":"fr_FR","og_type":"article","og_title":"Apprendre l'allemand \u00e0 B\u00e2le - Cours d'allemand \u00e0 B\u00e2le","og_description":"Apprenez l'allemand \u00e0 B\u00e2le en cours du soir, priv\u00e9s et du soir. Cours d'allemand \u00e0 B\u00e2le A1, A2, B1, B2, C1, C2.","og_url":"https:\/\/www.sprachschule-aktiv-basel.ch\/fr\/","og_site_name":"Sprachschule Aktiv Basel","article_modified_time":"2024-05-13T04:34:17+00:00","twitter_card":"summary_large_image","twitter_misc":{"Dur\u00e9e de lecture estim\u00e9e":"5 minutes"},"schema":{"@context":"https:\/\/schema.org","@graph":[{"@type":"WebPage","@id":"https:\/\/www.sprachschule-aktiv-basel.ch\/fr\/home\/","url":"https:\/\/www.sprachschule-aktiv-basel.ch\/fr\/","name":"Apprendre l'allemand \u00e0 B\u00e2le - Cours d'allemand \u00e0 B\u00e2le","isPartOf":{"@id":"https:\/\/www.sprachschule-aktiv-basel.ch\/#website"},"datePublished":"2020-12-17T10:37:33+00:00","dateModified":"2024-05-13T04:34:17+00:00","description":"Apprenez l'allemand \u00e0 B\u00e2le en cours du soir, priv\u00e9s et du soir. Cours d'allemand \u00e0 B\u00e2le A1, A2, B1, B2, C1, C2.","breadcrumb":{"@id":"https:\/\/www.sprachschule-aktiv-basel.ch\/fr\/#breadcrumb"},"inLanguage":"fr-FR","potentialAction":[{"@type":"ReadAction","target":["https:\/\/www.sprachschule-aktiv-basel.ch\/fr\/"]}]},{"@type":"BreadcrumbList","@id":"https:\/\/www.sprachschule-aktiv-basel.ch\/fr\/#breadcrumb","itemListElement":[{"@type":"ListItem","position":1,"name":"Startseite","item":"https:\/\/www.sprachschule-aktiv-basel.ch\/fr\/home\/"},{"@type":"ListItem","position":2,"name":"Home"}]},{"@type":"WebSite","@id":"https:\/\/www.sprachschule-aktiv-basel.ch\/#website","url":"https:\/\/www.sprachschule-aktiv-basel.ch\/","name":"Sprachschule Aktiv Basel","description":"","potentialAction":[{"@type":"SearchAction","target":{"@type":"EntryPoint","urlTemplate":"https:\/\/www.sprachschule-aktiv-basel.ch\/?s={search_term_string}"},"query-input":{"@type":"PropertyValueSpecification","valueRequired":true,"valueName":"search_term_string"}}],"inLanguage":"fr-FR"}]}},"_links":{"self":[{"href":"https:\/\/www.sprachschule-aktiv-basel.ch\/fr\/wp-json\/wp\/v2\/pages\/435","targetHints":{"allow":["GET"]}}],"collection":[{"href":"https:\/\/www.sprachschule-aktiv-basel.ch\/fr\/wp-json\/wp\/v2\/pages"}],"about":[{"href":"https:\/\/www.sprachschule-aktiv-basel.ch\/fr\/wp-json\/wp\/v2\/types\/page"}],"author":[{"embeddable":true,"href":"https:\/\/www.sprachschule-aktiv-basel.ch\/fr\/wp-json\/wp\/v2\/users\/1"}],"replies":[{"embeddable":true,"href":"https:\/\/www.sprachschule-aktiv-basel.ch\/fr\/wp-json\/wp\/v2\/comments?post=435"}],"version-history":[{"count":14,"href":"https:\/\/www.sprachschule-aktiv-basel.ch\/fr\/wp-json\/wp\/v2\/pages\/435\/revisions"}],"predecessor-version":[{"id":1915,"href":"https:\/\/www.sprachschule-aktiv-basel.ch\/fr\/wp-json\/wp\/v2\/pages\/435\/revisions\/1915"}],"wp:attachment":[{"href":"https:\/\/www.sprachschule-aktiv-basel.ch\/fr\/wp-json\/wp\/v2\/media?parent=435"}],"curies":[{"name":"wp","href":"https:\/\/api.w.org\/{rel}","templated":true}]}}